{"id":41,"date":"2023-01-04T15:42:53","date_gmt":"2023-01-04T14:42:53","guid":{"rendered":"https:\/\/ruecker-computer.de\/RC\/?page_id=41"},"modified":"2025-11-14T08:46:37","modified_gmt":"2025-11-14T07:46:37","slug":"impressum","status":"publish","type":"page","link":"https:\/\/ruecker-computer.de\/RC\/impressum\/","title":{"rendered":"Impressum"},"content":{"rendered":"\n<p>Verantwortlich f\u00fcr den Inhalt dieser Seiten:<br><br>Fa. R\u00fccker Computersysteme | Fa. R\u00fcckergruppe<br>Inh.: Magnus R\u00fccker<br>Dorfstr. 9<br>56769 Retterath OT Salcherath<br><br>Telefon: (02657) 94 28 962<br>Fax: (02657) 9428965<br>E-Mail: <a href=\"https:\/\/ruecker-computer.de\/RC\/kontakt-anfahrt\/kontakformular\/\">info(at)rueckergruppe.de<\/a><br><br>USt.Id.: DE249708317<br>Sitz der Gesellschaft: Retterath OT Salcherath<br><br>Bildquelle (falls nicht anders angegeben): <a href=\"https:\/\/pixabay.com\" target=\"_blank\" rel=\"noreferrer noopener\">https:\/\/pixabay.com<\/a><br><br><strong>Au\u00dfergerichtliche Schlichtungsm\u00f6glichkeiten<\/strong><br>Beschwerdeverfahren via Online-Streitbeilegung f\u00fcr Verbraucher (OS): <a href=\"http:\/\/ec.europa.eu\/consumers\/odr\/\" target=\"_blank\" rel=\"noreferrer noopener\">http:\/\/ec.europa.eu\/consumers\/odr\/<\/a>.\u00a0Wir sind nicht bereit und nicht verpflichtet an einem Streitbeilegungsverfahren vor einer Verbraucherschlichtungsstelle teilzunehmen.<br><br><strong>Disclaimer \u2013 Haftung f\u00fcr externe Links und fremde Inhalte<\/strong><br>F\u00fcr weiterf\u00fchrende Informationen finden Sie bei uns zahlreiche Links, die auf Webseiten Dritter verweisen, auf deren Inhalte wir keinen Einflu\u00df haben. F\u00fcr die Inhalte der verlinkten Seiten sind die jeweiligen Betreiber verantwortlich. Die verlinkten Seiten wurden von uns zum Zeitpunkt der Verlinkung auf m\u00f6gliche Rechtsverst\u00f6\u00dfe \u00fcberpr\u00fcft. Rechtswidrige Inhalte waren zu diesem Zeitpunkt nicht erkennbar. Eine permanente inhaltliche Kontrolle der Inhalte von uns verlinkter Seiten ist jedoch ohne konkrete Anhaltspunkte einer Rechtsverletzung nicht zumutbar. Erhalten wir Kenntnis von rechtswidrigen Inhalten, so \u00fcberpr\u00fcfen wir diese sofort und werden sie gegebenenfalls unverz\u00fcglich entfernen.<br><br><strong>Urheberrecht<\/strong><br>Die Gestaltung des Angebots sowie die inhaltlichen Beitr\u00e4ge sind urheberrechtlich gesch\u00fctzt. Dies gilt insbesondere f\u00fcr Texte, Bilder, Grafiken, Ton-, Video-, oder Animationsdateien einschlie\u00dflich deren Anordnung auf den einzelnen Internet-Seiten. Zum Download angebotene Informationen (Brosch\u00fcren, Formulare, Merkbl\u00e4tter etc.) k\u00f6nnen zum pers\u00f6nlichen Gebrauch gespeichert und ausgedruckt werden. Der Nachdruck und die Auswertung von Pressemitteilungen ist mit Quellenangabe im Rahmen urheberrechtlicher Bestimmungen gestattet. Im \u00dcbrigen darf die Ver\u00f6ffentlichung (auch im Internet), Verarbeitung oder gewerbliche Nutzung aller Inhalte (oder Teilen davon) nur nach vorheriger Genehmigung durch uns erfolgen.<\/p>\n","protected":false},"excerpt":{"rendered":"<p>Verantwortlich f\u00fcr den Inhalt dieser Seiten: Fa. R\u00fccker Computersysteme | Fa. R\u00fcckergruppeInh.: Magnus R\u00fcckerDorfstr. 956769 Retterath OT Salcherath Telefon: (02657) 94 28 962Fax: (02657) 9428965E-Mail: info(at)rueckergruppe.de USt.Id.: DE249708317Sitz der Gesellschaft: Retterath OT Salcherath Bildquelle (falls nicht anders angegeben): https:\/\/pixabay.com Au\u00dfergerichtliche Schlichtungsm\u00f6glichkeitenBeschwerdeverfahren via Online-Streitbeilegung f\u00fcr Verbraucher (OS): http:\/\/ec.europa.eu\/consumers\/odr\/.\u00a0Wir sind nicht bereit und nicht verpflichtet an einem [&hellip;]<\/p>\n","protected":false},"author":1,"featured_media":26,"parent":0,"menu_order":9,"comment_status":"closed","ping_status":"closed","template":"","meta":{"footnotes":""},"class_list":["post-41","page","type-page","status-publish","has-post-thumbnail","hentry"],"_links":{"self":[{"href":"https:\/\/ruecker-computer.de\/RC\/wp-json\/wp\/v2\/pages\/41","targetHints":{"allow":["GET"]}}],"collection":[{"href":"https:\/\/ruecker-computer.de\/RC\/wp-json\/wp\/v2\/pages"}],"about":[{"href":"https:\/\/ruecker-computer.de\/RC\/wp-json\/wp\/v2\/types\/page"}],"author":[{"embeddable":true,"href":"https:\/\/ruecker-computer.de\/RC\/wp-json\/wp\/v2\/users\/1"}],"replies":[{"embeddable":true,"href":"https:\/\/ruecker-computer.de\/RC\/wp-json\/wp\/v2\/comments?post=41"}],"version-history":[{"count":5,"href":"https:\/\/ruecker-computer.de\/RC\/wp-json\/wp\/v2\/pages\/41\/revisions"}],"predecessor-version":[{"id":261,"href":"https:\/\/ruecker-computer.de\/RC\/wp-json\/wp\/v2\/pages\/41\/revisions\/261"}],"wp:featuredmedia":[{"embeddable":true,"href":"https:\/\/ruecker-computer.de\/RC\/wp-json\/wp\/v2\/media\/26"}],"wp:attachment":[{"href":"https:\/\/ruecker-computer.de\/RC\/wp-json\/wp\/v2\/media?parent=41"}],"curies":[{"name":"wp","href":"https:\/\/api.w.org\/{rel}","templated":true}]}}