{"id":196,"date":"2023-01-06T10:09:54","date_gmt":"2023-01-06T09:09:54","guid":{"rendered":"https:\/\/ruecker-computer.de\/RC\/?page_id=196"},"modified":"2023-01-06T10:40:52","modified_gmt":"2023-01-06T09:40:52","slug":"webdesign-cms-social-media","status":"publish","type":"page","link":"https:\/\/ruecker-computer.de\/RC\/home\/webdesign-cms-social-media\/","title":{"rendered":"Marketing via WebDesign, CMS &#038; Social Media"},"content":{"rendered":"\n<div class=\"wp-block-media-text alignwide is-stacked-on-mobile is-image-fill\"><figure class=\"wp-block-media-text__media\" style=\"background-image:url(https:\/\/ruecker-computer.de\/RC\/wp-content\/uploads\/2023\/01\/communication-g539837dc9_640.jpg);background-position:50% 50%\"><img loading=\"lazy\" decoding=\"async\" width=\"640\" height=\"427\" src=\"https:\/\/ruecker-computer.de\/RC\/wp-content\/uploads\/2023\/01\/communication-g539837dc9_640.jpg\" alt=\"\" class=\"wp-image-108 size-full\" srcset=\"https:\/\/ruecker-computer.de\/RC\/wp-content\/uploads\/2023\/01\/communication-g539837dc9_640.jpg 640w, https:\/\/ruecker-computer.de\/RC\/wp-content\/uploads\/2023\/01\/communication-g539837dc9_640-300x200.jpg 300w, https:\/\/ruecker-computer.de\/RC\/wp-content\/uploads\/2023\/01\/communication-g539837dc9_640-1x1.jpg 1w\" sizes=\"auto, (max-width: 640px) 100vw, 640px\" \/><\/figure><div class=\"wp-block-media-text__content\">\n<p>Mit \u00fcber 20 Jahren Erfahrung im Bereich des WebDesign und Online-Marketing bieten wir an:<\/p>\n\n\n\n<ul class=\"wp-block-list\">\n<li>Professionelles WebDesign &#8211; Klassisch programmiert oder mit CMS System, damit Sie selbstst\u00e4ndig Inhalte \u00e4ndern oder erstellen k\u00f6nnen.<\/li>\n\n\n\n<li>Schulung in der Verwendung des CMS Systems &#8211; CMS = &#8222;Content Management System&#8220; und erlaubt Ihnen selbst, ohne programmierkenntnisse, Ihre Website zu ver\u00e4ndern.<\/li>\n\n\n\n<li>Social Media ist inzwischen aus dem Alltag nicht mehr wegzudenken und erm\u00f6glicht es Ihnen neue Kunden zu gewinnen oder Ihre Marke bekannter zu machen. Egal ob Facebook, Twitter, Instagram, TikTok oder YouTube &#8211; wir unterst\u00fctzen Sie bei optimiertem Social Media marketing.\n<ul class=\"wp-block-list\">\n<li><\/li>\n<\/ul>\n<\/li>\n<\/ul>\n\n\n\n<p>Wir helfen schnell und unkompliziert!<br>Sowohl in unserem B\u00fcro als auch vor Ort!<\/p>\n\n\n\n<p><strong>Nehmen Sie Kontakt auf:<\/strong><br>Telefon: 02657-9428962<br>eMail: <a href=\"https:\/\/ruecker-computer.de\/RC\/kontakt-anfahrt\/kontakformular\/\">info(at)rueckergruppe.de<\/a><\/p>\n\n\n<div style=\"margin: 30px 0 30px;\"><a target=\"_blank\" href=\"https:\/\/api.whatsapp.com\/send?phone=026579428962\" class=\"wa__button wa__sq_button wa__stt_online wa__btn_w_icon\" style=\"background-color: #2DB742; color: #fff\"><div class=\"wa__btn_icon\"><img decoding=\"async\" src=\"https:\/\/ruecker-computer.de\/RC\/wp-content\/plugins\/wp-whatsapp\/assets\/img\/whatsapp_logo.svg\" alt=\"img\"\/><\/div><div class=\"wa__btn_txt\"><div class=\"wa__cs_info\"><div class=\"wa__cs_name\" style=\"color: #fff\">R\u00fccker Computer<\/div><div class=\"wa__cs_status\">Online<\/div><\/div><div class=\"wa__btn_title\">Fragen oder Terminvereinbarung?\nChatten Sie mit uns!<\/div><\/div><\/a><\/div><\/div><\/div>\n\n\n\n<p><\/p>\n","protected":false},"excerpt":{"rendered":"","protected":false},"author":1,"featured_media":0,"parent":66,"menu_order":4,"comment_status":"closed","ping_status":"closed","template":"","meta":{"footnotes":""},"class_list":["post-196","page","type-page","status-publish","hentry"],"_links":{"self":[{"href":"https:\/\/ruecker-computer.de\/RC\/wp-json\/wp\/v2\/pages\/196","targetHints":{"allow":["GET"]}}],"collection":[{"href":"https:\/\/ruecker-computer.de\/RC\/wp-json\/wp\/v2\/pages"}],"about":[{"href":"https:\/\/ruecker-computer.de\/RC\/wp-json\/wp\/v2\/types\/page"}],"author":[{"embeddable":true,"href":"https:\/\/ruecker-computer.de\/RC\/wp-json\/wp\/v2\/users\/1"}],"replies":[{"embeddable":true,"href":"https:\/\/ruecker-computer.de\/RC\/wp-json\/wp\/v2\/comments?post=196"}],"version-history":[{"count":3,"href":"https:\/\/ruecker-computer.de\/RC\/wp-json\/wp\/v2\/pages\/196\/revisions"}],"predecessor-version":[{"id":215,"href":"https:\/\/ruecker-computer.de\/RC\/wp-json\/wp\/v2\/pages\/196\/revisions\/215"}],"up":[{"embeddable":true,"href":"https:\/\/ruecker-computer.de\/RC\/wp-json\/wp\/v2\/pages\/66"}],"wp:attachment":[{"href":"https:\/\/ruecker-computer.de\/RC\/wp-json\/wp\/v2\/media?parent=196"}],"curies":[{"name":"wp","href":"https:\/\/api.w.org\/{rel}","templated":true}]}}