{"id":184,"date":"2023-01-06T09:35:40","date_gmt":"2023-01-06T08:35:40","guid":{"rendered":"https:\/\/ruecker-computer.de\/RC\/?page_id=184"},"modified":"2023-01-06T09:43:20","modified_gmt":"2023-01-06T08:43:20","slug":"kontakformular","status":"publish","type":"page","link":"https:\/\/ruecker-computer.de\/RC\/kontakt-anfahrt\/kontakformular\/","title":{"rendered":"Kontakformular"},"content":{"rendered":"<div class=\"frm_forms  with_frm_style frm_style_formidable-style\" id=\"frm_form_1_container\" data-token=\"920b842c285110465c97abcc084a7a06\">\n<form enctype=\"multipart\/form-data\" method=\"post\" class=\"frm-show-form \" id=\"form_contact-form\" data-token=\"920b842c285110465c97abcc084a7a06\">\n<div class=\"frm_form_fields \">\n<fieldset>\n<legend class=\"frm_screen_reader\">Kontaktformular<\/legend>\r\n\r\n<div class=\"frm_fields_container\">\n<input type=\"hidden\" name=\"frm_action\" value=\"create\" \/>\n<input type=\"hidden\" name=\"form_id\" value=\"1\" \/>\n<input type=\"hidden\" name=\"frm_hide_fields_1\" id=\"frm_hide_fields_1\" value=\"\" \/>\n<input type=\"hidden\" name=\"form_key\" value=\"contact-form\" \/>\n<input type=\"hidden\" name=\"item_meta[0]\" value=\"\" \/>\n<input type=\"hidden\" id=\"frm_submit_entry_1\" name=\"frm_submit_entry_1\" value=\"17435a7b1e\" \/><input type=\"hidden\" name=\"_wp_http_referer\" value=\"\/RC\/wp-json\/wp\/v2\/pages\/184\" \/><div id=\"frm_field_1_container\" class=\"frm_form_field form-field  frm_required_field frm_top_container frm_first frm_half\">\r\n    <label for=\"field_qh4icy\" id=\"field_qh4icy_label\" class=\"frm_primary_label\">Vorname\r\n        <span class=\"frm_required\" aria-hidden=\"true\">*<\/span>\r\n    <\/label>\r\n    <input type=\"text\" id=\"field_qh4icy\" name=\"item_meta[1]\" value=\"\"  data-reqmsg=\"Bitte f\u00fcllen Sie das Feld &quot;Vorname&quot; aus!\" aria-required=\"true\" data-invmsg=\"Name ist ung\u00fcltig\" aria-invalid=\"false\"  \/>\r\n    \r\n    \r\n<\/div>\n<div id=\"frm_field_2_container\" class=\"frm_form_field form-field  frm_required_field frm_hidden_container frm_half\">\r\n    <label for=\"field_ocfup1\" id=\"field_ocfup1_label\" class=\"frm_primary_label\">Nachname\r\n        <span class=\"frm_required\" aria-hidden=\"true\">*<\/span>\r\n    <\/label>\r\n    <input type=\"text\" id=\"field_ocfup1\" name=\"item_meta[2]\" value=\"\"  data-reqmsg=\"Bitte f\u00fcllen Sie das Feld &quot;Nachname&quot; aus!\" aria-required=\"true\" data-invmsg=\"Last ist ung\u00fcltig\" aria-invalid=\"false\"  \/>\r\n    \r\n    \r\n<\/div>\n<div id=\"frm_field_3_container\" class=\"frm_form_field form-field  frm_required_field frm_top_container frm_full\">\r\n    <label for=\"field_29yf4d\" id=\"field_29yf4d_label\" class=\"frm_primary_label\">Email\r\n        <span class=\"frm_required\" aria-hidden=\"true\">*<\/span>\r\n    <\/label>\r\n    <input type=\"email\" id=\"field_29yf4d\" name=\"item_meta[3]\" value=\"\"  data-reqmsg=\"Bitte f\u00fcllen Sie das Feld &quot;eMail&quot; aus!\" aria-required=\"true\" data-invmsg=\"Bitte geben Sie eine g\u00fcltige eMail Adresse ein!\" aria-invalid=\"false\"  \/>\r\n    \r\n    \r\n<\/div>\n<div id=\"frm_field_9_container\" class=\"frm_form_field form-field  frm_required_field frm_top_container\">\r\n    <label for=\"field_d1k31\" id=\"field_d1k31_label\" class=\"frm_primary_label\">Telefonnummer\r\n        <span class=\"frm_required\" aria-hidden=\"true\">*<\/span>\r\n    <\/label>\r\n    <input type=\"tel\" id=\"field_d1k31\" name=\"item_meta[9]\" value=\"\"  data-reqmsg=\"Dieses Feld darf nicht leer sein.\" aria-required=\"true\" data-invmsg=\"Bitte f\u00fcllen Sie das Feld &quot;Telefonnummer&quot; aus!\" aria-invalid=\"false\" pattern=\"((\\+\\d{1,3}(-|.| )?\\(?\\d\\)?(-| |.)?\\d{1,5})|(\\(?\\d{2,6}\\)?))(-|.| )?(\\d{3,4})(-|.| )?(\\d{4})(( x| ext)\\d{1,5}){0,1}$\"  \/>\r\n    \r\n    \r\n<\/div>\n<div id=\"frm_field_4_container\" class=\"frm_form_field form-field  frm_required_field frm_top_container frm_full\">\r\n    <label for=\"field_e6lis6\" id=\"field_e6lis6_label\" class=\"frm_primary_label\">Betreff\r\n        <span class=\"frm_required\" aria-hidden=\"true\">*<\/span>\r\n    <\/label>\r\n    <input type=\"text\" id=\"field_e6lis6\" name=\"item_meta[4]\" value=\"\"  data-reqmsg=\"Bitte f\u00fcllen Sie das Feld &quot;Betreff&quot; aus!\" aria-required=\"true\" data-invmsg=\"Subject ist ung\u00fcltig\" aria-invalid=\"false\"  \/>\r\n    \r\n    \r\n<\/div>\n<div id=\"frm_field_5_container\" class=\"frm_form_field form-field  frm_required_field frm_top_container frm_full\">\r\n    <label for=\"field_9jv0r1\" id=\"field_9jv0r1_label\" class=\"frm_primary_label\">Ihre Nachricht an uns:\r\n        <span class=\"frm_required\" aria-hidden=\"true\">*<\/span>\r\n    <\/label>\r\n    <textarea name=\"item_meta[5]\" id=\"field_9jv0r1\" rows=\"5\"  data-reqmsg=\"Bitte f\u00fcllen Sie das Feld &quot;Nachricht&quot; aus!\" aria-required=\"true\" data-invmsg=\"Ihre Nachricht an uns: ist ung\u00fcltig\" aria-invalid=\"false\"  ><\/textarea>\r\n    \r\n    \r\n<\/div>\n<div id=\"frm_field_7_container\" class=\"frm_form_field form-field  frm_required_field frm_top_container frm12 frm_first vertical_radio\">\r\n    <div  id=\"field_dd4je_label\" class=\"frm_primary_label\">Datenschutz\r\n        <span class=\"frm_required\" aria-hidden=\"true\">*<\/span>\r\n    <\/div>\r\n    <div class=\"frm_opt_container\" aria-labelledby=\"field_dd4je_label\" role=\"group\">\t\t<div class=\"frm_checkbox\" id=\"frm_checkbox_7-0\">\t\t\t<label  for=\"field_dd4je-0\">\n\t\t\t<input type=\"checkbox\" name=\"item_meta[7][]\" id=\"field_dd4je-0\" value=\"Ich willige darin ein, dass R\u00fccker Computersysteme die von mir \u00fcberreichten Informationen und Kontaktdaten dazu verwendet um mit mir anl\u00e4sslich meiner Kontaktaufnahme in Verbindung zu treten, hier\u00fcber zu kommunizieren und meine Anfrage abzuwickeln. Dies gilt insbesondere f\u00fcr die Verwendung der E-Mail-Adresse und der Telefonnummer zum vorgenannten Zweck. Weitere Informationen entnehmen Sie unserer Datenschutzerkl\u00e4rung.\"  data-reqmsg=\"Bitte stimmen Sie unseren Bedingungen zum Datenschutz zu um das Formular absenden zu k\u00f6nnen!\" data-invmsg=\"Datenschutz ist ung\u00fcltig\"   aria-required=\"true\"  \/> Ich willige darin ein, dass R\u00fccker Computersysteme die von mir \u00fcberreichten Informationen und Kontaktdaten dazu verwendet um mit mir anl\u00e4sslich meiner Kontaktaufnahme in Verbindung zu treten, hier\u00fcber zu kommunizieren und meine Anfrage abzuwickeln. Dies gilt insbesondere f\u00fcr die Verwendung der E-Mail-Adresse und der Telefonnummer zum vorgenannten Zweck. Weitere Informationen entnehmen Sie unserer Datenschutzerkl\u00e4rung.<\/label><\/div>\n<\/div>\r\n    \r\n    \r\n<\/div>\n\t<input type=\"hidden\" name=\"item_key\" value=\"\" \/>\n\t\t\t<div id=\"frm_field_10_container\">\n\t\t\t<label for=\"field_g8eqr\" >\n\t\t\t\tFalls Du menschlich bist, lasse dieses Feld leer.\t\t\t<\/label>\n\t\t\t<input  id=\"field_g8eqr\" type=\"text\" class=\"frm_form_field form-field frm_verify\" name=\"item_meta[10]\" value=\"\"  \/>\n\t\t<\/div>\n\t\t<input name=\"frm_state\" type=\"hidden\" value=\"Bf07OTUL4wtM1RqQ3Z+\/uS7mHhtlqNpybe92fhokcQk=\" \/><div class=\"frm_submit\">\r\n\r\n<button class=\"frm_button_submit\" type=\"submit\"  >Senden<\/button>\r\n\r\n\r\n<\/div><\/div>\n<\/fieldset>\n<\/div>\n\n<\/form>\n<\/div>\n","protected":false},"excerpt":{"rendered":"","protected":false},"author":1,"featured_media":0,"parent":166,"menu_order":20,"comment_status":"closed","ping_status":"closed","template":"","meta":{"footnotes":""},"class_list":["post-184","page","type-page","status-publish","hentry"],"_links":{"self":[{"href":"https:\/\/ruecker-computer.de\/RC\/wp-json\/wp\/v2\/pages\/184","targetHints":{"allow":["GET"]}}],"collection":[{"href":"https:\/\/ruecker-computer.de\/RC\/wp-json\/wp\/v2\/pages"}],"about":[{"href":"https:\/\/ruecker-computer.de\/RC\/wp-json\/wp\/v2\/types\/page"}],"author":[{"embeddable":true,"href":"https:\/\/ruecker-computer.de\/RC\/wp-json\/wp\/v2\/users\/1"}],"replies":[{"embeddable":true,"href":"https:\/\/ruecker-computer.de\/RC\/wp-json\/wp\/v2\/comments?post=184"}],"version-history":[{"count":1,"href":"https:\/\/ruecker-computer.de\/RC\/wp-json\/wp\/v2\/pages\/184\/revisions"}],"predecessor-version":[{"id":186,"href":"https:\/\/ruecker-computer.de\/RC\/wp-json\/wp\/v2\/pages\/184\/revisions\/186"}],"up":[{"embeddable":true,"href":"https:\/\/ruecker-computer.de\/RC\/wp-json\/wp\/v2\/pages\/166"}],"wp:attachment":[{"href":"https:\/\/ruecker-computer.de\/RC\/wp-json\/wp\/v2\/media?parent=184"}],"curies":[{"name":"wp","href":"https:\/\/api.w.org\/{rel}","templated":true}]}}